{"id":2554,"date":"2022-07-25T10:49:20","date_gmt":"2022-07-25T08:49:20","guid":{"rendered":"http:\/\/sultan-doner-kebab.local\/?post_type=product&#038;p=2554"},"modified":"2025-02-03T21:44:55","modified_gmt":"2025-02-03T20:44:55","slug":"campero-kebab","status":"publish","type":"product","link":"https:\/\/sultandonerkebab.es\/de\/produkt\/campero-kebab\/","title":{"rendered":"Campero Kebab"},"content":{"rendered":"<p>H\u00e4hnchen-\/Rind-\/Mischspie\u00df mit Salat, Tomaten, Zwiebeln und wei\u00dfer So\u00dfe (Joghurtso\u00dfe)<\/p>","protected":false},"excerpt":{"rendered":"<p>H\u00e4hnchen-\/Rind-\/Mischspie\u00df mit Salat, Tomaten, Zwiebeln und wei\u00dfer So\u00dfe (Joghurtso\u00dfe)<\/p>","protected":false},"featured_media":2535,"template":"","meta":{"_kad_post_transparent":"default","_kad_post_title":"","_kad_post_layout":"default","_kad_post_sidebar_id":"","_kad_post_content_style":"default","_kad_post_vertical_padding":"default","_kad_post_feature":"","_kad_post_feature_position":"","_kad_post_header":false,"_kad_post_footer":false},"product_brand":[],"product_cat":[34,32],"product_tag":[63,62,64],"class_list":{"0":"post-2554","1":"product","2":"type-product","3":"status-publish","4":"has-post-thumbnail","6":"product_cat-campero","7":"product_cat-kebab","8":"product_tag-campero","9":"product_tag-campero-kebab","10":"product_tag-kebab","12":"first","13":"instock","14":"shipping-taxable","15":"purchasable","16":"product-type-variable","17":"entry","18":"content-bg","19":"loop-entry"},"_links":{"self":[{"href":"https:\/\/sultandonerkebab.es\/de\/wp-json\/wp\/v2\/product\/2554","targetHints":{"allow":["GET"]}}],"collection":[{"href":"https:\/\/sultandonerkebab.es\/de\/wp-json\/wp\/v2\/product"}],"about":[{"href":"https:\/\/sultandonerkebab.es\/de\/wp-json\/wp\/v2\/types\/product"}],"wp:featuredmedia":[{"embeddable":true,"href":"https:\/\/sultandonerkebab.es\/de\/wp-json\/wp\/v2\/media\/2535"}],"wp:attachment":[{"href":"https:\/\/sultandonerkebab.es\/de\/wp-json\/wp\/v2\/media?parent=2554"}],"wp:term":[{"taxonomy":"product_brand","embeddable":true,"href":"https:\/\/sultandonerkebab.es\/de\/wp-json\/wp\/v2\/product_brand?post=2554"},{"taxonomy":"product_cat","embeddable":true,"href":"https:\/\/sultandonerkebab.es\/de\/wp-json\/wp\/v2\/product_cat?post=2554"},{"taxonomy":"product_tag","embeddable":true,"href":"https:\/\/sultandonerkebab.es\/de\/wp-json\/wp\/v2\/product_tag?post=2554"}],"curies":[{"name":"wp","href":"https:\/\/api.w.org\/{rel}","templated":true}]}}