{"id":2573,"date":"2022-07-25T11:31:19","date_gmt":"2022-07-25T09:31:19","guid":{"rendered":"http:\/\/sultan-doner-kebab.local\/?post_type=product&#038;p=2573"},"modified":"2025-02-03T21:44:55","modified_gmt":"2025-02-03T20:44:55","slug":"gegrilltes-huhn-aus-freilandhaltung-2","status":"publish","type":"product","link":"https:\/\/sultandonerkebab.es\/de\/produkt\/gegrilltes-huhn-aus-freilandhaltung-2\/","title":{"rendered":"Campero Gegrilltes H\u00e4hnchen"},"content":{"rendered":"<p>Gegrilltes H\u00e4hnchen, K\u00e4se, Salat, Tomate und Mayonnaise<\/p>","protected":false},"excerpt":{"rendered":"<p>Gegrilltes H\u00e4hnchen, K\u00e4se, Salat, Tomate und Mayonnaise<\/p>","protected":false},"featured_media":2535,"template":"","meta":{"_kad_post_transparent":"default","_kad_post_title":"","_kad_post_layout":"default","_kad_post_sidebar_id":"","_kad_post_content_style":"default","_kad_post_vertical_padding":"default","_kad_post_feature":"","_kad_post_feature_position":"","_kad_post_header":false,"_kad_post_footer":false},"product_brand":[],"product_cat":[34],"product_tag":[],"class_list":{"0":"post-2573","1":"product","2":"type-product","3":"status-publish","4":"has-post-thumbnail","6":"product_addon-menu","7":"product_addon-menu-con-patatas-y-bebida","8":"product_cat-campero","10":"first","11":"instock","12":"shipping-taxable","13":"purchasable","14":"product-type-simple","15":"entry","16":"content-bg","17":"loop-entry"},"_links":{"self":[{"href":"https:\/\/sultandonerkebab.es\/de\/wp-json\/wp\/v2\/product\/2573","targetHints":{"allow":["GET"]}}],"collection":[{"href":"https:\/\/sultandonerkebab.es\/de\/wp-json\/wp\/v2\/product"}],"about":[{"href":"https:\/\/sultandonerkebab.es\/de\/wp-json\/wp\/v2\/types\/product"}],"wp:featuredmedia":[{"embeddable":true,"href":"https:\/\/sultandonerkebab.es\/de\/wp-json\/wp\/v2\/media\/2535"}],"wp:attachment":[{"href":"https:\/\/sultandonerkebab.es\/de\/wp-json\/wp\/v2\/media?parent=2573"}],"wp:term":[{"taxonomy":"product_brand","embeddable":true,"href":"https:\/\/sultandonerkebab.es\/de\/wp-json\/wp\/v2\/product_brand?post=2573"},{"taxonomy":"product_cat","embeddable":true,"href":"https:\/\/sultandonerkebab.es\/de\/wp-json\/wp\/v2\/product_cat?post=2573"},{"taxonomy":"product_tag","embeddable":true,"href":"https:\/\/sultandonerkebab.es\/de\/wp-json\/wp\/v2\/product_tag?post=2573"}],"curies":[{"name":"wp","href":"https:\/\/api.w.org\/{rel}","templated":true}]}}