{"id":2641,"date":"2022-07-26T11:55:37","date_gmt":"2022-07-26T09:55:37","guid":{"rendered":"http:\/\/sultan-doner-kebab.local\/?post_type=product&#038;p=2641"},"modified":"2025-02-03T21:44:58","modified_gmt":"2025-02-03T20:44:58","slug":"hahnchenflugel-2","status":"publish","type":"product","link":"https:\/\/sultandonerkebab.es\/de\/produkt\/hahnchenflugel-2\/","title":{"rendered":"H\u00e4hnchenfl\u00fcgel"},"content":{"rendered":"<p>H\u00e4hnchenfl\u00fcgel 4 Stk.<\/p>","protected":false},"excerpt":{"rendered":"<p>H\u00e4hnchenfl\u00fcgel 4 Stk.<\/p>","protected":false},"featured_media":2538,"template":"","meta":{"_kad_post_transparent":"default","_kad_post_title":"","_kad_post_layout":"default","_kad_post_sidebar_id":"","_kad_post_content_style":"default","_kad_post_vertical_padding":"default","_kad_post_feature":"","_kad_post_feature_position":"","_kad_post_header":false,"_kad_post_footer":false},"product_brand":[],"product_cat":[38],"product_tag":[],"class_list":{"0":"post-2641","1":"product","2":"type-product","3":"status-publish","4":"has-post-thumbnail","6":"product_addon-con-picante","7":"product_cat-complementos","9":"first","10":"instock","11":"shipping-taxable","12":"purchasable","13":"product-type-simple","14":"entry","15":"content-bg","16":"loop-entry"},"_links":{"self":[{"href":"https:\/\/sultandonerkebab.es\/de\/wp-json\/wp\/v2\/product\/2641","targetHints":{"allow":["GET"]}}],"collection":[{"href":"https:\/\/sultandonerkebab.es\/de\/wp-json\/wp\/v2\/product"}],"about":[{"href":"https:\/\/sultandonerkebab.es\/de\/wp-json\/wp\/v2\/types\/product"}],"wp:featuredmedia":[{"embeddable":true,"href":"https:\/\/sultandonerkebab.es\/de\/wp-json\/wp\/v2\/media\/2538"}],"wp:attachment":[{"href":"https:\/\/sultandonerkebab.es\/de\/wp-json\/wp\/v2\/media?parent=2641"}],"wp:term":[{"taxonomy":"product_brand","embeddable":true,"href":"https:\/\/sultandonerkebab.es\/de\/wp-json\/wp\/v2\/product_brand?post=2641"},{"taxonomy":"product_cat","embeddable":true,"href":"https:\/\/sultandonerkebab.es\/de\/wp-json\/wp\/v2\/product_cat?post=2641"},{"taxonomy":"product_tag","embeddable":true,"href":"https:\/\/sultandonerkebab.es\/de\/wp-json\/wp\/v2\/product_tag?post=2641"}],"curies":[{"name":"wp","href":"https:\/\/api.w.org\/{rel}","templated":true}]}}