{"id":2764,"date":"2022-07-28T10:30:33","date_gmt":"2022-07-28T08:30:33","guid":{"rendered":"http:\/\/sultan-doner-kebab.local\/?post_type=product&#038;p=2764"},"modified":"2025-02-03T21:45:05","modified_gmt":"2025-02-03T20:45:05","slug":"menu-fur-hahnchen-pita-kebab","status":"publish","type":"product","link":"https:\/\/sultandonerkebab.es\/de\/produkt\/menu-fur-hahnchen-pita-kebab\/","title":{"rendered":"Men\u00fc Fladenbrot mit Huhn"},"content":{"rendered":"<p>H\u00e4hnchenspie\u00df im Fladenbrot mit Gem\u00fcse und So\u00dfe mit Pommes und Getr\u00e4nk<\/p>","protected":false},"excerpt":{"rendered":"<p>H\u00e4hnchenspie\u00df im Fladenbrot mit Gem\u00fcse und So\u00dfe mit Pommes und Getr\u00e4nk<\/p>","protected":false},"featured_media":2532,"template":"","meta":{"_kad_post_transparent":"default","_kad_post_title":"","_kad_post_layout":"default","_kad_post_sidebar_id":"","_kad_post_content_style":"default","_kad_post_vertical_padding":"default","_kad_post_feature":"","_kad_post_feature_position":"","_kad_post_header":false,"_kad_post_footer":false},"product_brand":[],"product_cat":[33,32],"product_tag":[],"class_list":{"0":"post-2764","1":"product","2":"type-product","3":"status-publish","4":"has-post-thumbnail","6":"product_addon-con-picante","7":"product_addon-sin-verduras-sin-verduras-2","8":"product_cat-ofertas-menu","9":"product_cat-kebab","11":"first","12":"instock","13":"shipping-taxable","14":"purchasable","15":"product-type-variable","16":"entry","17":"content-bg","18":"loop-entry"},"_links":{"self":[{"href":"https:\/\/sultandonerkebab.es\/de\/wp-json\/wp\/v2\/product\/2764","targetHints":{"allow":["GET"]}}],"collection":[{"href":"https:\/\/sultandonerkebab.es\/de\/wp-json\/wp\/v2\/product"}],"about":[{"href":"https:\/\/sultandonerkebab.es\/de\/wp-json\/wp\/v2\/types\/product"}],"wp:featuredmedia":[{"embeddable":true,"href":"https:\/\/sultandonerkebab.es\/de\/wp-json\/wp\/v2\/media\/2532"}],"wp:attachment":[{"href":"https:\/\/sultandonerkebab.es\/de\/wp-json\/wp\/v2\/media?parent=2764"}],"wp:term":[{"taxonomy":"product_brand","embeddable":true,"href":"https:\/\/sultandonerkebab.es\/de\/wp-json\/wp\/v2\/product_brand?post=2764"},{"taxonomy":"product_cat","embeddable":true,"href":"https:\/\/sultandonerkebab.es\/de\/wp-json\/wp\/v2\/product_cat?post=2764"},{"taxonomy":"product_tag","embeddable":true,"href":"https:\/\/sultandonerkebab.es\/de\/wp-json\/wp\/v2\/product_tag?post=2764"}],"curies":[{"name":"wp","href":"https:\/\/api.w.org\/{rel}","templated":true}]}}