{"id":2590,"date":"2022-07-25T12:16:05","date_gmt":"2022-07-25T10:16:05","guid":{"rendered":"http:\/\/sultan-doner-kebab.local\/?post_type=product&#038;p=2590"},"modified":"2025-02-03T21:44:56","modified_gmt":"2025-02-03T20:44:56","slug":"hamburger-sultan-au-poulet-tartare-2","status":"publish","type":"product","link":"https:\/\/sultandonerkebab.es\/fr\/produit\/hamburger-sultan-au-poulet-tartare-2\/","title":{"rendered":"Burger Sultan au poulet et \u00e0 la dinde"},"content":{"rendered":"<p>Poulet croustillant ou tarnera 100% b\u0153uf, tomate, laitue, bacon, \u0153uf, sauce sp\u00e9ciale<\/p>","protected":false},"excerpt":{"rendered":"<p>Poulet croustillant ou tarnera 100% b\u0153uf, tomate, laitue, bacon, \u0153uf, sauce sp\u00e9ciale<\/p>","protected":false},"featured_media":2540,"template":"","meta":{"_kad_post_transparent":"default","_kad_post_title":"","_kad_post_layout":"default","_kad_post_sidebar_id":"","_kad_post_content_style":"default","_kad_post_vertical_padding":"default","_kad_post_feature":"","_kad_post_feature_position":"","_kad_post_header":false,"_kad_post_footer":false},"product_brand":[],"product_cat":[36],"product_tag":[],"class_list":{"0":"post-2590","1":"product","2":"type-product","3":"status-publish","4":"has-post-thumbnail","6":"product_addon-menu","7":"product_cat-hamburguesas","9":"first","10":"instock","11":"shipping-taxable","12":"purchasable","13":"product-type-variable","14":"entry","15":"content-bg","16":"loop-entry"},"_links":{"self":[{"href":"https:\/\/sultandonerkebab.es\/fr\/wp-json\/wp\/v2\/product\/2590","targetHints":{"allow":["GET"]}}],"collection":[{"href":"https:\/\/sultandonerkebab.es\/fr\/wp-json\/wp\/v2\/product"}],"about":[{"href":"https:\/\/sultandonerkebab.es\/fr\/wp-json\/wp\/v2\/types\/product"}],"wp:featuredmedia":[{"embeddable":true,"href":"https:\/\/sultandonerkebab.es\/fr\/wp-json\/wp\/v2\/media\/2540"}],"wp:attachment":[{"href":"https:\/\/sultandonerkebab.es\/fr\/wp-json\/wp\/v2\/media?parent=2590"}],"wp:term":[{"taxonomy":"product_brand","embeddable":true,"href":"https:\/\/sultandonerkebab.es\/fr\/wp-json\/wp\/v2\/product_brand?post=2590"},{"taxonomy":"product_cat","embeddable":true,"href":"https:\/\/sultandonerkebab.es\/fr\/wp-json\/wp\/v2\/product_cat?post=2590"},{"taxonomy":"product_tag","embeddable":true,"href":"https:\/\/sultandonerkebab.es\/fr\/wp-json\/wp\/v2\/product_tag?post=2590"}],"curies":[{"name":"wp","href":"https:\/\/api.w.org\/{rel}","templated":true}]}}