{"id":3345,"date":"2025-02-03T22:13:24","date_gmt":"2025-02-03T21:13:24","guid":{"rendered":"https:\/\/sultandonerkebab.es\/?post_type=product&#038;p=3345"},"modified":"2025-02-03T22:13:25","modified_gmt":"2025-02-03T21:13:25","slug":"samosa","status":"publish","type":"product","link":"https:\/\/sultandonerkebab.es\/fr\/produit\/samosa\/","title":{"rendered":"Samosa"},"content":{"rendered":"<p>Le samosa Sultan Doner Kebab est une d\u00e9licieuse galette croustillante remplie d'un savoureux m\u00e9lange d'\u00e9pices, de l\u00e9gumes, de viande et de fromage. Deux pi\u00e8ces par paquet<\/p>","protected":false},"excerpt":{"rendered":"<p>2 pi\u00e8ces. Le samosa du Sultan Doner Kebab est une d\u00e9licieuse galette croustillante remplie d'un savoureux m\u00e9lange d'\u00e9pices, de l\u00e9gumes, de viande et de fromage.<\/p>","protected":false},"featured_media":3349,"template":"","meta":{"_kad_post_transparent":"default","_kad_post_title":"","_kad_post_layout":"default","_kad_post_sidebar_id":"","_kad_post_content_style":"default","_kad_post_vertical_padding":"default","_kad_post_feature":"","_kad_post_feature_position":"","_kad_post_header":false,"_kad_post_footer":false},"product_brand":[],"product_cat":[38],"product_tag":[],"class_list":{"0":"post-3345","1":"product","2":"type-product","3":"status-publish","4":"has-post-thumbnail","6":"product_cat-complementos","8":"first","9":"instock","10":"shipping-taxable","11":"purchasable","12":"product-type-variable","13":"entry","14":"content-bg","15":"loop-entry"},"_links":{"self":[{"href":"https:\/\/sultandonerkebab.es\/fr\/wp-json\/wp\/v2\/product\/3345","targetHints":{"allow":["GET"]}}],"collection":[{"href":"https:\/\/sultandonerkebab.es\/fr\/wp-json\/wp\/v2\/product"}],"about":[{"href":"https:\/\/sultandonerkebab.es\/fr\/wp-json\/wp\/v2\/types\/product"}],"wp:featuredmedia":[{"embeddable":true,"href":"https:\/\/sultandonerkebab.es\/fr\/wp-json\/wp\/v2\/media\/3349"}],"wp:attachment":[{"href":"https:\/\/sultandonerkebab.es\/fr\/wp-json\/wp\/v2\/media?parent=3345"}],"wp:term":[{"taxonomy":"product_brand","embeddable":true,"href":"https:\/\/sultandonerkebab.es\/fr\/wp-json\/wp\/v2\/product_brand?post=3345"},{"taxonomy":"product_cat","embeddable":true,"href":"https:\/\/sultandonerkebab.es\/fr\/wp-json\/wp\/v2\/product_cat?post=3345"},{"taxonomy":"product_tag","embeddable":true,"href":"https:\/\/sultandonerkebab.es\/fr\/wp-json\/wp\/v2\/product_tag?post=3345"}],"curies":[{"name":"wp","href":"https:\/\/api.w.org\/{rel}","templated":true}]}}